{"id":99,"date":"2013-03-29T17:12:47","date_gmt":"2013-03-29T16:12:47","guid":{"rendered":"http:\/\/www.veronique-m.com\/book\/?page_id=99"},"modified":"2022-02-04T21:49:46","modified_gmt":"2022-02-04T20:49:46","slug":"cv","status":"publish","type":"page","link":"http:\/\/www.veronique-m.com\/book\/?page_id=99","title":{"rendered":"Infos &#038; contact"},"content":{"rendered":"<p><!--href=\"http:\/\/www.veronique-m.com\/book\/wp-content\/page_statiques\/cv.css\" \/> --><\/p>\n<div id=\"global\"><!-- DEBUT BLOC conteneur --><\/div>\n<div class=\"row blogpage fitvids\">\n<div class=\"two-thirds column\">T\u00e9l : <strong>06 18 61 05 06<\/strong><br \/>\nMail : <a href=\"mailto:contact@veronique-m.com\"><strong>contact@veronique-m.com<\/strong><\/a><\/p>\n<p>N&rsquo;h\u00e9sitez-pas \u00e0 consulter mon profil Linkedin pour obtenir plus d&rsquo;informations sur mon parcours professionnel.<br \/>\n<a href=\"https:\/\/www.linkedin.com\/in\/vmoreau\/\" target=\"_blank\" rel=\"noopener\"><strong>https:\/\/www.linkedin.com\/in\/vmoreau\/<\/strong><\/a><\/p>\n<p>Ou t\u00e9l\u00e9charger mon CV disponible ci-dessous :<br \/>\n<a href=\"http:\/\/www.veronique-m.com\/\/book\/wp-content\/uploads\/2022\/cv_2022-Veronique-Moreau.pdf\"><strong>CV V\u00e9ronique <\/strong><strong>MOREAU<\/strong><strong> &#8211; Directrice artistique 360<\/strong><\/a><\/p>\n<div class=\"outils\"><\/div>\n<\/div>\n<\/div>\n<div class=\"row blogpage fitvids\"><\/div>\n","protected":false},"excerpt":{"rendered":"<p>T\u00e9l : 06 18 61 05 06 Mail : contact@veronique-m.com N&rsquo;h\u00e9sitez-pas \u00e0 consulter mon profil Linkedin pour obtenir plus d&rsquo;informations sur mon parcours professionnel. https:\/\/www.linkedin.com\/in\/vmoreau\/ Ou t\u00e9l\u00e9charger mon CV disponible ci-dessous : CV V\u00e9ronique MOREAU &#8211; Directrice artistique 360<\/p>\n","protected":false},"author":1,"featured_media":0,"parent":0,"menu_order":0,"comment_status":"closed","ping_status":"closed","template":"","meta":[],"_links":{"self":[{"href":"http:\/\/www.veronique-m.com\/book\/index.php?rest_route=\/wp\/v2\/pages\/99"}],"collection":[{"href":"http:\/\/www.veronique-m.com\/book\/index.php?rest_route=\/wp\/v2\/pages"}],"about":[{"href":"http:\/\/www.veronique-m.com\/book\/index.php?rest_route=\/wp\/v2\/types\/page"}],"author":[{"embeddable":true,"href":"http:\/\/www.veronique-m.com\/book\/index.php?rest_route=\/wp\/v2\/users\/1"}],"replies":[{"embeddable":true,"href":"http:\/\/www.veronique-m.com\/book\/index.php?rest_route=%2Fwp%2Fv2%2Fcomments&post=99"}],"version-history":[{"count":94,"href":"http:\/\/www.veronique-m.com\/book\/index.php?rest_route=\/wp\/v2\/pages\/99\/revisions"}],"predecessor-version":[{"id":1367,"href":"http:\/\/www.veronique-m.com\/book\/index.php?rest_route=\/wp\/v2\/pages\/99\/revisions\/1367"}],"wp:attachment":[{"href":"http:\/\/www.veronique-m.com\/book\/index.php?rest_route=%2Fwp%2Fv2%2Fmedia&parent=99"}],"curies":[{"name":"wp","href":"https:\/\/api.w.org\/{rel}","templated":true}]}}